{"id":872,"date":"2024-02-28T09:25:53","date_gmt":"2024-02-28T08:25:53","guid":{"rendered":"https:\/\/www.apicenter.cat\/?post_type=product&#038;p=872"},"modified":"2026-03-12T16:36:47","modified_gmt":"2026-03-12T15:36:47","slug":"sala-reunions","status":"publish","type":"product","link":"https:\/\/www.apicenter.cat\/es\/spaces\/sala-reunions\/","title":{"rendered":"Sala de reuniones"},"content":{"rendered":"<p>\u00bfEst\u00e1 buscando el espacio perfecto para cerrar estos acordes importantes? \u00a1No busque m\u00e1s! Os presentamos nuestra sala de reuniones\u00a0alquilable\u00a0por horas, dise\u00f1ada espec\u00edficamente para satisfacer las necesidades de peque\u00f1as y medianas empresas como la tuya.<\/p>\n<p>Imagina tener un espacio exclusivo, c\u00f3modo y equipado con todo lo necesario para llevar a cabo tus reuniones de negocio de forma eficiente y exitosa. Nuestra sala de reuniones tiene capacidad para hasta 6 personas, lo que la hace ideal para reuniones estrat\u00e9gicas en las que cada voz cuenta.<\/p>\n<p>\u00bfQu\u00e9 hace que nuestra sala sea tan especial? Sabemos lo importante que es mantener un ambiente c\u00f3modo y productivo durante estas sesiones de negociaci\u00f3n. Por eso, nuestra sala est\u00e1 equipada con un sistema de aire acondicionado que garantiza una temperatura agradable en todo momento. Adem\u00e1s, tambi\u00e9n contamos con un televisor de \u00faltima generaci\u00f3n con conexi\u00f3n a Internet. \u00a1Imagine las posibilidades! Con nuestro televisor de \u00faltima generaci\u00f3n, podr\u00e1s realizar presentaciones impactantes, mostrar v\u00eddeos o incluso realizar videollamadas con clientes o colegas de forma fluida y sin interrupciones. Adem\u00e1s, la conexi\u00f3n a internet de alta velocidad asegura que estar\u00e1 siempre conectados y listos para llevar a cabo sus negocios.<\/p>\n<p>Pero esto no es todo. Adem\u00e1s nos enorgullece ofrecer flexibilidad en los horarios de alquiler. Ya sea porque necesita la sala por una hora, medio d\u00eda o incluso todo el d\u00eda, estamos aqu\u00ed para adaptarnos sus necesidades y horarios.<\/p>\n<p>Tarifes PVP<\/p>\n<ul>\n<li><strong>18\u20ac<\/strong>\/h.<\/li>\n<li><strong>15,5\u20ac<\/strong>\/h. si contractes 4h o m\u00e9s.<\/li>\n<li><strong>102\u20ac<\/strong> dia complet<\/li>\n<\/ul>\n<h5><strong>Ets API? estalvia fins a un 25% a la reserva<\/strong><\/h5>","protected":false},"excerpt":{"rendered":"<p>Endinsa&#8217;t a la nostra sala de reunions dissenyada per potenciar la col\u00b7laboraci\u00f3,\u00a0 garantir presentacions flu\u00efdes i on prendre decisions estrat\u00e8giques.<\/p>","protected":false},"featured_media":2176,"template":"","meta":{"inline_featured_image":false},"product_cat":[25],"product_tag":[],"_links":{"self":[{"href":"https:\/\/www.apicenter.cat\/es\/wp-json\/wp\/v2\/product\/872"}],"collection":[{"href":"https:\/\/www.apicenter.cat\/es\/wp-json\/wp\/v2\/product"}],"about":[{"href":"https:\/\/www.apicenter.cat\/es\/wp-json\/wp\/v2\/types\/product"}],"wp:featuredmedia":[{"embeddable":true,"href":"https:\/\/www.apicenter.cat\/es\/wp-json\/wp\/v2\/media\/2176"}],"wp:attachment":[{"href":"https:\/\/www.apicenter.cat\/es\/wp-json\/wp\/v2\/media?parent=872"}],"wp:term":[{"taxonomy":"product_cat","embeddable":true,"href":"https:\/\/www.apicenter.cat\/es\/wp-json\/wp\/v2\/product_cat?post=872"},{"taxonomy":"product_tag","embeddable":true,"href":"https:\/\/www.apicenter.cat\/es\/wp-json\/wp\/v2\/product_tag?post=872"}],"curies":[{"name":"wp","href":"https:\/\/api.w.org\/{rel}","templated":true}]}}